{"id":819,"date":"2025-01-12T10:30:14","date_gmt":"2025-01-12T09:30:14","guid":{"rendered":"https:\/\/walksandmore.com\/?page_id=819"},"modified":"2025-03-27T14:29:36","modified_gmt":"2025-03-27T13:29:36","slug":"natuurreservaat-brurmossen","status":"publish","type":"page","link":"https:\/\/walksandmore.com\/en\/sabrinas-wandelingen\/zweden-sverige\/natuurreservaat-brurmossen\/","title":{"rendered":"Nature Reserve Brurmossen"},"content":{"rendered":"<div class=\"wp-block-columns is-layout-flex wp-container-core-columns-is-layout-9d6595d7 wp-block-columns-is-layout-flex\">\n<div class=\"wp-block-column is-layout-flow wp-block-column-is-layout-flow\">\n<p><strong>TYPE: CIRCULAR WALK<\/strong><\/p>\n\n\n\n<p><strong>Distance: +\/- 8,7 km<\/strong>: 6 km <br><strong>Difficulty<\/strong>: easy<\/p>\n<\/div>\n\n\n\n<div class=\"wp-block-column is-layout-flow wp-block-column-is-layout-flow\">\n<p><strong>START- en EINDPUNT<\/strong>: parkeerplek einde weg met infobord naast reservaat <br>(N59.153822 O12.681037)<\/p>\n<\/div>\n<\/div>\n\n\n\n<p>Het 264 ha grote natuurreservaat Brurmossen ligt op de grens tussen V\u00e4stra G\u00f6taland en V\u00e4rmland op ongeveer 10 km ten noorden van \u00c5m\u00e5l. Het is een veen- en moerasgebied met veel oude pijnbomen, sparren en hier en daar kleine open poelen. Sommige dennen en sparren zijn tussen de 175 en 300 jaar oud. Sinds 2005 is het een beschermd gebied. <\/p>\n\n\n\n<p>Vanaf de eerste keer dat ik op de S 524 voorbij het bord met de aanduiding van Brurmossen reed, had ik het plan opgevat om daar eens te gaan wandelen.  Op een mooie dag in april 2024 was het dan zover. Alle sneeuw was al gesmolten dus het moest goed te doen zijn. <\/p>\n\n\n\n<p>De weg naar het natuurreservaat is goed aangegeven.  Zodra je de S 524 afgereden bent, passeer je een paar kleine dorpjes zoals L\u00e5byn en Gressbol.  Het L\u00e5bysj\u00f6n meer hou je aan je rechterkant. Ter hoogte van de splitsing richting Vassbotten, blijf je de weg rond het meer volgen.  Deze draait weer weg van het meer kronkelt zo omhoog het bos in.  De laatste kilometer gaat over een smal, erg stijl en niet zo goed bospad.  Ook ik twijfelde even of het wel de juiste weg was, maar er is geen andere weg dus&#8230; Helemaal boven op het einde weg is een keerpunt, waar je makkelijk kan parkeren.  <\/p>\n\n\n\n<div class=\"wp-block-columns is-layout-flex wp-container-core-columns-is-layout-9d6595d7 wp-block-columns-is-layout-flex\">\n<div class=\"wp-block-column is-layout-flow wp-block-column-is-layout-flow\" style=\"flex-basis:33.33%\">\n<figure class=\"wp-block-gallery has-nested-images columns-default is-cropped wp-block-gallery-1 is-layout-flex wp-block-gallery-is-layout-flex\">\n<figure class=\"wp-block-image size-large is-style-rounded\"><img loading=\"lazy\" decoding=\"async\" width=\"768\" height=\"1024\" data-id=\"881\" src=\"https:\/\/walksandmore.com\/wp-content\/uploads\/2025\/01\/IMG_4226-768x1024.jpeg\" alt=\"\" class=\"wp-image-881\" srcset=\"https:\/\/walksandmore.com\/wp-content\/uploads\/2025\/01\/IMG_4226-768x1024.jpeg 768w, https:\/\/walksandmore.com\/wp-content\/uploads\/2025\/01\/IMG_4226-225x300.jpeg 225w, https:\/\/walksandmore.com\/wp-content\/uploads\/2025\/01\/IMG_4226-1152x1536.jpeg 1152w, https:\/\/walksandmore.com\/wp-content\/uploads\/2025\/01\/IMG_4226-1536x2048.jpeg 1536w, https:\/\/walksandmore.com\/wp-content\/uploads\/2025\/01\/IMG_4226-scaled.jpeg 1920w\" sizes=\"auto, (max-width: 768px) 100vw, 768px\" \/><\/figure>\n\n\n\n<figure class=\"wp-block-image size-large is-style-rounded\"><img loading=\"lazy\" decoding=\"async\" width=\"1024\" height=\"768\" data-id=\"880\" src=\"https:\/\/walksandmore.com\/wp-content\/uploads\/2025\/01\/IMG_4225-1024x768.jpeg\" alt=\"\" class=\"wp-image-880\" srcset=\"https:\/\/walksandmore.com\/wp-content\/uploads\/2025\/01\/IMG_4225-1024x768.jpeg 1024w, https:\/\/walksandmore.com\/wp-content\/uploads\/2025\/01\/IMG_4225-300x225.jpeg 300w, https:\/\/walksandmore.com\/wp-content\/uploads\/2025\/01\/IMG_4225-768x576.jpeg 768w, https:\/\/walksandmore.com\/wp-content\/uploads\/2025\/01\/IMG_4225-1536x1152.jpeg 1536w, https:\/\/walksandmore.com\/wp-content\/uploads\/2025\/01\/IMG_4225-2048x1536.jpeg 2048w\" sizes=\"auto, (max-width: 1024px) 100vw, 1024px\" \/><\/figure>\n\n\n\n<figure class=\"wp-block-image size-large is-style-rounded\"><img loading=\"lazy\" decoding=\"async\" width=\"768\" height=\"1024\" data-id=\"950\" src=\"https:\/\/walksandmore.com\/wp-content\/uploads\/2025\/01\/IMG_4275-768x1024.jpeg\" alt=\"\" class=\"wp-image-950\" srcset=\"https:\/\/walksandmore.com\/wp-content\/uploads\/2025\/01\/IMG_4275-768x1024.jpeg 768w, https:\/\/walksandmore.com\/wp-content\/uploads\/2025\/01\/IMG_4275-225x300.jpeg 225w, https:\/\/walksandmore.com\/wp-content\/uploads\/2025\/01\/IMG_4275-1152x1536.jpeg 1152w, https:\/\/walksandmore.com\/wp-content\/uploads\/2025\/01\/IMG_4275-scaled.jpeg 1920w\" sizes=\"auto, (max-width: 768px) 100vw, 768px\" \/><\/figure>\n<\/figure>\n<\/div>\n\n\n\n<div class=\"wp-block-column is-layout-flow wp-block-column-is-layout-flow\" style=\"flex-basis:66.66%\">\n<p><br>Op het informatiebord kan je alvast meer te weten komen over het reservaat &#8211; tenminste als je Zweeds goed genoeg is en dat was bij mij zeker nog niet het geval.<\/p>\n\n\n\n<p>Het kaartje was geen probleem om te begrijpen alsook de info dat het ongeveer nog een 0,8 km te voet is tot aan de start van de uitgestippelde route van 6 km.<\/p>\n<\/div>\n<\/div>\n\n\n\n<p>Het pad is goed te volgen en hoewel er geen bankjes zijn onderweg, zijn er tal van plekjes waar je even kan pauzeren. Op de parkeerruimte staat wel een picknickbank. Neem voldoende tijd om deze wandeling te ontdekken.  Goede schoenen zijn een must!<\/p>\n\n\n\n<div class=\"wp-block-jetpack-tiled-gallery aligncenter is-style-columns\"><div class=\"has-rounded-corners-20\"><div class=\"tiled-gallery__gallery\"><div class=\"tiled-gallery__row\"><div class=\"tiled-gallery__col\" style=\"flex-basis:11.70709%\"><figure class=\"tiled-gallery__item\"><img decoding=\"async\" srcset=\"https:\/\/i0.wp.com\/walksandmore.com\/wp-content\/uploads\/2025\/01\/IMG_4228-768x1024.jpeg?strip=info&#038;w=600&#038;ssl=1 600w,https:\/\/i0.wp.com\/walksandmore.com\/wp-content\/uploads\/2025\/01\/IMG_4228-768x1024.jpeg?strip=info&#038;w=900&#038;ssl=1 900w,https:\/\/i0.wp.com\/walksandmore.com\/wp-content\/uploads\/2025\/01\/IMG_4228-768x1024.jpeg?strip=info&#038;w=1200&#038;ssl=1 1200w,https:\/\/i0.wp.com\/walksandmore.com\/wp-content\/uploads\/2025\/01\/IMG_4228-768x1024.jpeg?strip=info&#038;w=1500&#038;ssl=1 1500w,https:\/\/i0.wp.com\/walksandmore.com\/wp-content\/uploads\/2025\/01\/IMG_4228-768x1024.jpeg?strip=info&#038;w=1800&#038;ssl=1 1800w,https:\/\/i0.wp.com\/walksandmore.com\/wp-content\/uploads\/2025\/01\/IMG_4228-768x1024.jpeg?strip=info&#038;w=1920&#038;ssl=1 1920w\" alt=\"\" data-height=\"2560\" data-id=\"824\" data-link=\"https:\/\/walksandmore.com\/img_4228\/\" data-url=\"https:\/\/walksandmore.com\/wp-content\/uploads\/2025\/01\/IMG_4228-768x1024.jpeg\" data-width=\"1920\" src=\"https:\/\/i0.wp.com\/walksandmore.com\/wp-content\/uploads\/2025\/01\/IMG_4228-768x1024.jpeg?ssl=1\" data-amp-layout=\"responsive\" aria-label=\"Afbeelding 1 of 13 op volledig scherm openen\"\/><\/figure><figure class=\"tiled-gallery__item\"><img decoding=\"async\" srcset=\"https:\/\/i0.wp.com\/walksandmore.com\/wp-content\/uploads\/2025\/01\/IMG_4235-768x1024.jpeg?strip=info&#038;w=600&#038;ssl=1 600w,https:\/\/i0.wp.com\/walksandmore.com\/wp-content\/uploads\/2025\/01\/IMG_4235-768x1024.jpeg?strip=info&#038;w=900&#038;ssl=1 900w,https:\/\/i0.wp.com\/walksandmore.com\/wp-content\/uploads\/2025\/01\/IMG_4235-768x1024.jpeg?strip=info&#038;w=1200&#038;ssl=1 1200w,https:\/\/i0.wp.com\/walksandmore.com\/wp-content\/uploads\/2025\/01\/IMG_4235-768x1024.jpeg?strip=info&#038;w=1500&#038;ssl=1 1500w,https:\/\/i0.wp.com\/walksandmore.com\/wp-content\/uploads\/2025\/01\/IMG_4235-768x1024.jpeg?strip=info&#038;w=1800&#038;ssl=1 1800w,https:\/\/i0.wp.com\/walksandmore.com\/wp-content\/uploads\/2025\/01\/IMG_4235-768x1024.jpeg?strip=info&#038;w=1920&#038;ssl=1 1920w\" alt=\"\" data-height=\"2560\" data-id=\"829\" data-link=\"https:\/\/walksandmore.com\/img_4235\/\" data-url=\"https:\/\/walksandmore.com\/wp-content\/uploads\/2025\/01\/IMG_4235-768x1024.jpeg\" data-width=\"1920\" src=\"https:\/\/i0.wp.com\/walksandmore.com\/wp-content\/uploads\/2025\/01\/IMG_4235-768x1024.jpeg?ssl=1\" data-amp-layout=\"responsive\" aria-label=\"Afbeelding 2 of 13 op volledig scherm openen\"\/><\/figure><figure class=\"tiled-gallery__item\"><img decoding=\"async\" srcset=\"https:\/\/i0.wp.com\/walksandmore.com\/wp-content\/uploads\/2025\/01\/IMG_4237-768x1024.jpeg?strip=info&#038;w=600&#038;ssl=1 600w,https:\/\/i0.wp.com\/walksandmore.com\/wp-content\/uploads\/2025\/01\/IMG_4237-768x1024.jpeg?strip=info&#038;w=900&#038;ssl=1 900w,https:\/\/i0.wp.com\/walksandmore.com\/wp-content\/uploads\/2025\/01\/IMG_4237-768x1024.jpeg?strip=info&#038;w=1200&#038;ssl=1 1200w,https:\/\/i0.wp.com\/walksandmore.com\/wp-content\/uploads\/2025\/01\/IMG_4237-768x1024.jpeg?strip=info&#038;w=1500&#038;ssl=1 1500w,https:\/\/i0.wp.com\/walksandmore.com\/wp-content\/uploads\/2025\/01\/IMG_4237-768x1024.jpeg?strip=info&#038;w=1800&#038;ssl=1 1800w,https:\/\/i0.wp.com\/walksandmore.com\/wp-content\/uploads\/2025\/01\/IMG_4237-768x1024.jpeg?strip=info&#038;w=1920&#038;ssl=1 1920w\" alt=\"\" data-height=\"2560\" data-id=\"830\" data-link=\"https:\/\/walksandmore.com\/img_4237\/\" data-url=\"https:\/\/walksandmore.com\/wp-content\/uploads\/2025\/01\/IMG_4237-768x1024.jpeg\" data-width=\"1920\" src=\"https:\/\/i0.wp.com\/walksandmore.com\/wp-content\/uploads\/2025\/01\/IMG_4237-768x1024.jpeg?ssl=1\" data-amp-layout=\"responsive\" aria-label=\"Afbeelding 3 of 13 op volledig scherm openen\"\/><\/figure><figure class=\"tiled-gallery__item\"><img decoding=\"async\" srcset=\"https:\/\/i0.wp.com\/walksandmore.com\/wp-content\/uploads\/2025\/01\/IMG_4239-1024x768.jpeg?strip=info&#038;w=600&#038;ssl=1 600w,https:\/\/i0.wp.com\/walksandmore.com\/wp-content\/uploads\/2025\/01\/IMG_4239-1024x768.jpeg?strip=info&#038;w=900&#038;ssl=1 900w,https:\/\/i0.wp.com\/walksandmore.com\/wp-content\/uploads\/2025\/01\/IMG_4239-1024x768.jpeg?strip=info&#038;w=1200&#038;ssl=1 1200w,https:\/\/i0.wp.com\/walksandmore.com\/wp-content\/uploads\/2025\/01\/IMG_4239-1024x768.jpeg?strip=info&#038;w=1500&#038;ssl=1 1500w,https:\/\/i0.wp.com\/walksandmore.com\/wp-content\/uploads\/2025\/01\/IMG_4239-1024x768.jpeg?strip=info&#038;w=1800&#038;ssl=1 1800w,https:\/\/i0.wp.com\/walksandmore.com\/wp-content\/uploads\/2025\/01\/IMG_4239-1024x768.jpeg?strip=info&#038;w=2000&#038;ssl=1 2000w\" alt=\"\" data-height=\"1920\" data-id=\"831\" data-link=\"https:\/\/walksandmore.com\/img_4239\/\" data-url=\"https:\/\/walksandmore.com\/wp-content\/uploads\/2025\/01\/IMG_4239-1024x768.jpeg\" data-width=\"2560\" src=\"https:\/\/i0.wp.com\/walksandmore.com\/wp-content\/uploads\/2025\/01\/IMG_4239-1024x768.jpeg?ssl=1\" data-amp-layout=\"responsive\" aria-label=\"Afbeelding 4 of 13 op volledig scherm openen\"\/><\/figure><\/div><div class=\"tiled-gallery__col\" style=\"flex-basis:20.92427%\"><figure class=\"tiled-gallery__item\"><img decoding=\"async\" srcset=\"https:\/\/i0.wp.com\/walksandmore.com\/wp-content\/uploads\/2025\/01\/IMG_4240-768x1024.jpeg?strip=info&#038;w=600&#038;ssl=1 600w,https:\/\/i0.wp.com\/walksandmore.com\/wp-content\/uploads\/2025\/01\/IMG_4240-768x1024.jpeg?strip=info&#038;w=900&#038;ssl=1 900w,https:\/\/i0.wp.com\/walksandmore.com\/wp-content\/uploads\/2025\/01\/IMG_4240-768x1024.jpeg?strip=info&#038;w=1200&#038;ssl=1 1200w,https:\/\/i0.wp.com\/walksandmore.com\/wp-content\/uploads\/2025\/01\/IMG_4240-768x1024.jpeg?strip=info&#038;w=1500&#038;ssl=1 1500w,https:\/\/i0.wp.com\/walksandmore.com\/wp-content\/uploads\/2025\/01\/IMG_4240-768x1024.jpeg?strip=info&#038;w=1800&#038;ssl=1 1800w,https:\/\/i0.wp.com\/walksandmore.com\/wp-content\/uploads\/2025\/01\/IMG_4240-768x1024.jpeg?strip=info&#038;w=1920&#038;ssl=1 1920w\" alt=\"\" data-height=\"2560\" data-id=\"832\" data-link=\"https:\/\/walksandmore.com\/img_4240\/\" data-url=\"https:\/\/walksandmore.com\/wp-content\/uploads\/2025\/01\/IMG_4240-768x1024.jpeg\" data-width=\"1920\" src=\"https:\/\/i0.wp.com\/walksandmore.com\/wp-content\/uploads\/2025\/01\/IMG_4240-768x1024.jpeg?ssl=1\" data-amp-layout=\"responsive\" aria-label=\"Afbeelding 5 of 13 op volledig scherm openen\"\/><\/figure><figure class=\"tiled-gallery__item\"><img decoding=\"async\" srcset=\"https:\/\/i0.wp.com\/walksandmore.com\/wp-content\/uploads\/2025\/01\/IMG_4241-768x1024.jpeg?strip=info&#038;w=600&#038;ssl=1 600w,https:\/\/i0.wp.com\/walksandmore.com\/wp-content\/uploads\/2025\/01\/IMG_4241-768x1024.jpeg?strip=info&#038;w=900&#038;ssl=1 900w,https:\/\/i0.wp.com\/walksandmore.com\/wp-content\/uploads\/2025\/01\/IMG_4241-768x1024.jpeg?strip=info&#038;w=1200&#038;ssl=1 1200w,https:\/\/i0.wp.com\/walksandmore.com\/wp-content\/uploads\/2025\/01\/IMG_4241-768x1024.jpeg?strip=info&#038;w=1500&#038;ssl=1 1500w,https:\/\/i0.wp.com\/walksandmore.com\/wp-content\/uploads\/2025\/01\/IMG_4241-768x1024.jpeg?strip=info&#038;w=1800&#038;ssl=1 1800w,https:\/\/i0.wp.com\/walksandmore.com\/wp-content\/uploads\/2025\/01\/IMG_4241-768x1024.jpeg?strip=info&#038;w=1920&#038;ssl=1 1920w\" alt=\"\" data-height=\"2560\" data-id=\"833\" data-link=\"https:\/\/walksandmore.com\/img_4241\/\" data-url=\"https:\/\/walksandmore.com\/wp-content\/uploads\/2025\/01\/IMG_4241-768x1024.jpeg\" data-width=\"1920\" src=\"https:\/\/i0.wp.com\/walksandmore.com\/wp-content\/uploads\/2025\/01\/IMG_4241-768x1024.jpeg?ssl=1\" data-amp-layout=\"responsive\" aria-label=\"Afbeelding 6 of 13 op volledig scherm openen\"\/><\/figure><\/div><div class=\"tiled-gallery__col\" style=\"flex-basis:26.71217%\"><figure class=\"tiled-gallery__item\"><img decoding=\"async\" srcset=\"https:\/\/i0.wp.com\/walksandmore.com\/wp-content\/uploads\/2025\/01\/IMG_4243-1024x768.jpeg?strip=info&#038;w=600&#038;ssl=1 600w,https:\/\/i0.wp.com\/walksandmore.com\/wp-content\/uploads\/2025\/01\/IMG_4243-1024x768.jpeg?strip=info&#038;w=900&#038;ssl=1 900w,https:\/\/i0.wp.com\/walksandmore.com\/wp-content\/uploads\/2025\/01\/IMG_4243-1024x768.jpeg?strip=info&#038;w=1200&#038;ssl=1 1200w,https:\/\/i0.wp.com\/walksandmore.com\/wp-content\/uploads\/2025\/01\/IMG_4243-1024x768.jpeg?strip=info&#038;w=1500&#038;ssl=1 1500w,https:\/\/i0.wp.com\/walksandmore.com\/wp-content\/uploads\/2025\/01\/IMG_4243-1024x768.jpeg?strip=info&#038;w=1800&#038;ssl=1 1800w,https:\/\/i0.wp.com\/walksandmore.com\/wp-content\/uploads\/2025\/01\/IMG_4243-1024x768.jpeg?strip=info&#038;w=2000&#038;ssl=1 2000w\" alt=\"\" data-height=\"1920\" data-id=\"834\" data-link=\"https:\/\/walksandmore.com\/img_4243\/\" data-url=\"https:\/\/walksandmore.com\/wp-content\/uploads\/2025\/01\/IMG_4243-1024x768.jpeg\" data-width=\"2560\" src=\"https:\/\/i0.wp.com\/walksandmore.com\/wp-content\/uploads\/2025\/01\/IMG_4243-1024x768.jpeg?ssl=1\" data-amp-layout=\"responsive\" aria-label=\"Afbeelding 7 of 13 op volledig scherm openen\"\/><\/figure><figure class=\"tiled-gallery__item\"><img decoding=\"async\" srcset=\"https:\/\/i0.wp.com\/walksandmore.com\/wp-content\/uploads\/2025\/01\/IMG_4251-768x1024.jpeg?strip=info&#038;w=600&#038;ssl=1 600w,https:\/\/i0.wp.com\/walksandmore.com\/wp-content\/uploads\/2025\/01\/IMG_4251-768x1024.jpeg?strip=info&#038;w=900&#038;ssl=1 900w,https:\/\/i0.wp.com\/walksandmore.com\/wp-content\/uploads\/2025\/01\/IMG_4251-768x1024.jpeg?strip=info&#038;w=1200&#038;ssl=1 1200w,https:\/\/i0.wp.com\/walksandmore.com\/wp-content\/uploads\/2025\/01\/IMG_4251-768x1024.jpeg?strip=info&#038;w=1500&#038;ssl=1 1500w,https:\/\/i0.wp.com\/walksandmore.com\/wp-content\/uploads\/2025\/01\/IMG_4251-768x1024.jpeg?strip=info&#038;w=1800&#038;ssl=1 1800w,https:\/\/i0.wp.com\/walksandmore.com\/wp-content\/uploads\/2025\/01\/IMG_4251-768x1024.jpeg?strip=info&#038;w=1920&#038;ssl=1 1920w\" alt=\"\" data-height=\"2560\" data-id=\"836\" data-link=\"https:\/\/walksandmore.com\/img_4251\/\" data-url=\"https:\/\/walksandmore.com\/wp-content\/uploads\/2025\/01\/IMG_4251-768x1024.jpeg\" data-width=\"1920\" src=\"https:\/\/i0.wp.com\/walksandmore.com\/wp-content\/uploads\/2025\/01\/IMG_4251-768x1024.jpeg?ssl=1\" data-amp-layout=\"responsive\" aria-label=\"Afbeelding 8 of 13 op volledig scherm openen\"\/><\/figure><\/div><div class=\"tiled-gallery__col\" style=\"flex-basis:26.71217%\"><figure class=\"tiled-gallery__item\"><img decoding=\"async\" srcset=\"https:\/\/i0.wp.com\/walksandmore.com\/wp-content\/uploads\/2025\/01\/IMG_4252-1024x768.jpeg?strip=info&#038;w=600&#038;ssl=1 600w,https:\/\/i0.wp.com\/walksandmore.com\/wp-content\/uploads\/2025\/01\/IMG_4252-1024x768.jpeg?strip=info&#038;w=900&#038;ssl=1 900w,https:\/\/i0.wp.com\/walksandmore.com\/wp-content\/uploads\/2025\/01\/IMG_4252-1024x768.jpeg?strip=info&#038;w=1200&#038;ssl=1 1200w,https:\/\/i0.wp.com\/walksandmore.com\/wp-content\/uploads\/2025\/01\/IMG_4252-1024x768.jpeg?strip=info&#038;w=1500&#038;ssl=1 1500w,https:\/\/i0.wp.com\/walksandmore.com\/wp-content\/uploads\/2025\/01\/IMG_4252-1024x768.jpeg?strip=info&#038;w=1800&#038;ssl=1 1800w,https:\/\/i0.wp.com\/walksandmore.com\/wp-content\/uploads\/2025\/01\/IMG_4252-1024x768.jpeg?strip=info&#038;w=2000&#038;ssl=1 2000w\" alt=\"\" data-height=\"1920\" data-id=\"837\" data-link=\"https:\/\/walksandmore.com\/img_4252\/\" data-url=\"https:\/\/walksandmore.com\/wp-content\/uploads\/2025\/01\/IMG_4252-1024x768.jpeg\" data-width=\"2560\" src=\"https:\/\/i0.wp.com\/walksandmore.com\/wp-content\/uploads\/2025\/01\/IMG_4252-1024x768.jpeg?ssl=1\" data-amp-layout=\"responsive\" aria-label=\"Afbeelding 9 of 13 op volledig scherm openen\"\/><\/figure><figure class=\"tiled-gallery__item\"><img decoding=\"async\" srcset=\"https:\/\/i0.wp.com\/walksandmore.com\/wp-content\/uploads\/2025\/01\/IMG_4253-768x1024.jpeg?strip=info&#038;w=600&#038;ssl=1 600w,https:\/\/i0.wp.com\/walksandmore.com\/wp-content\/uploads\/2025\/01\/IMG_4253-768x1024.jpeg?strip=info&#038;w=900&#038;ssl=1 900w,https:\/\/i0.wp.com\/walksandmore.com\/wp-content\/uploads\/2025\/01\/IMG_4253-768x1024.jpeg?strip=info&#038;w=1200&#038;ssl=1 1200w,https:\/\/i0.wp.com\/walksandmore.com\/wp-content\/uploads\/2025\/01\/IMG_4253-768x1024.jpeg?strip=info&#038;w=1500&#038;ssl=1 1500w,https:\/\/i0.wp.com\/walksandmore.com\/wp-content\/uploads\/2025\/01\/IMG_4253-768x1024.jpeg?strip=info&#038;w=1800&#038;ssl=1 1800w,https:\/\/i0.wp.com\/walksandmore.com\/wp-content\/uploads\/2025\/01\/IMG_4253-768x1024.jpeg?strip=info&#038;w=1920&#038;ssl=1 1920w\" alt=\"\" data-height=\"2560\" data-id=\"838\" data-link=\"https:\/\/walksandmore.com\/img_4253\/\" data-url=\"https:\/\/walksandmore.com\/wp-content\/uploads\/2025\/01\/IMG_4253-768x1024.jpeg\" data-width=\"1920\" src=\"https:\/\/i0.wp.com\/walksandmore.com\/wp-content\/uploads\/2025\/01\/IMG_4253-768x1024.jpeg?ssl=1\" data-amp-layout=\"responsive\" aria-label=\"Afbeelding 10 of 13 op volledig scherm openen\"\/><\/figure><\/div><div class=\"tiled-gallery__col\" style=\"flex-basis:13.94431%\"><figure class=\"tiled-gallery__item\"><img decoding=\"async\" srcset=\"https:\/\/i0.wp.com\/walksandmore.com\/wp-content\/uploads\/2025\/01\/IMG_4256-768x1024.jpeg?strip=info&#038;w=600&#038;ssl=1 600w,https:\/\/i0.wp.com\/walksandmore.com\/wp-content\/uploads\/2025\/01\/IMG_4256-768x1024.jpeg?strip=info&#038;w=900&#038;ssl=1 900w,https:\/\/i0.wp.com\/walksandmore.com\/wp-content\/uploads\/2025\/01\/IMG_4256-768x1024.jpeg?strip=info&#038;w=1200&#038;ssl=1 1200w,https:\/\/i0.wp.com\/walksandmore.com\/wp-content\/uploads\/2025\/01\/IMG_4256-768x1024.jpeg?strip=info&#038;w=1500&#038;ssl=1 1500w,https:\/\/i0.wp.com\/walksandmore.com\/wp-content\/uploads\/2025\/01\/IMG_4256-768x1024.jpeg?strip=info&#038;w=1800&#038;ssl=1 1800w,https:\/\/i0.wp.com\/walksandmore.com\/wp-content\/uploads\/2025\/01\/IMG_4256-768x1024.jpeg?strip=info&#038;w=1920&#038;ssl=1 1920w\" alt=\"\" data-height=\"2560\" data-id=\"841\" data-link=\"https:\/\/walksandmore.com\/img_4256\/\" data-url=\"https:\/\/walksandmore.com\/wp-content\/uploads\/2025\/01\/IMG_4256-768x1024.jpeg\" data-width=\"1920\" src=\"https:\/\/i0.wp.com\/walksandmore.com\/wp-content\/uploads\/2025\/01\/IMG_4256-768x1024.jpeg?ssl=1\" data-amp-layout=\"responsive\" aria-label=\"Afbeelding 11 of 13 op volledig scherm openen\"\/><\/figure><figure class=\"tiled-gallery__item\"><img decoding=\"async\" srcset=\"https:\/\/i0.wp.com\/walksandmore.com\/wp-content\/uploads\/2025\/01\/IMG_4257-768x1024.jpeg?strip=info&#038;w=600&#038;ssl=1 600w,https:\/\/i0.wp.com\/walksandmore.com\/wp-content\/uploads\/2025\/01\/IMG_4257-768x1024.jpeg?strip=info&#038;w=900&#038;ssl=1 900w,https:\/\/i0.wp.com\/walksandmore.com\/wp-content\/uploads\/2025\/01\/IMG_4257-768x1024.jpeg?strip=info&#038;w=1200&#038;ssl=1 1200w,https:\/\/i0.wp.com\/walksandmore.com\/wp-content\/uploads\/2025\/01\/IMG_4257-768x1024.jpeg?strip=info&#038;w=1500&#038;ssl=1 1500w,https:\/\/i0.wp.com\/walksandmore.com\/wp-content\/uploads\/2025\/01\/IMG_4257-768x1024.jpeg?strip=info&#038;w=1800&#038;ssl=1 1800w,https:\/\/i0.wp.com\/walksandmore.com\/wp-content\/uploads\/2025\/01\/IMG_4257-768x1024.jpeg?strip=info&#038;w=1920&#038;ssl=1 1920w\" alt=\"\" data-height=\"2560\" data-id=\"842\" data-link=\"https:\/\/walksandmore.com\/img_4257\/\" data-url=\"https:\/\/walksandmore.com\/wp-content\/uploads\/2025\/01\/IMG_4257-768x1024.jpeg\" data-width=\"1920\" src=\"https:\/\/i0.wp.com\/walksandmore.com\/wp-content\/uploads\/2025\/01\/IMG_4257-768x1024.jpeg?ssl=1\" data-amp-layout=\"responsive\" aria-label=\"Afbeelding 12 of 13 op volledig scherm openen\"\/><\/figure><figure class=\"tiled-gallery__item\"><img decoding=\"async\" srcset=\"https:\/\/i0.wp.com\/walksandmore.com\/wp-content\/uploads\/2025\/01\/IMG_4259-768x1024.jpeg?strip=info&#038;w=600&#038;ssl=1 600w,https:\/\/i0.wp.com\/walksandmore.com\/wp-content\/uploads\/2025\/01\/IMG_4259-768x1024.jpeg?strip=info&#038;w=900&#038;ssl=1 900w,https:\/\/i0.wp.com\/walksandmore.com\/wp-content\/uploads\/2025\/01\/IMG_4259-768x1024.jpeg?strip=info&#038;w=1200&#038;ssl=1 1200w,https:\/\/i0.wp.com\/walksandmore.com\/wp-content\/uploads\/2025\/01\/IMG_4259-768x1024.jpeg?strip=info&#038;w=1500&#038;ssl=1 1500w,https:\/\/i0.wp.com\/walksandmore.com\/wp-content\/uploads\/2025\/01\/IMG_4259-768x1024.jpeg?strip=info&#038;w=1800&#038;ssl=1 1800w,https:\/\/i0.wp.com\/walksandmore.com\/wp-content\/uploads\/2025\/01\/IMG_4259-768x1024.jpeg?strip=info&#038;w=1920&#038;ssl=1 1920w\" alt=\"\" data-height=\"2560\" data-id=\"843\" data-link=\"https:\/\/walksandmore.com\/img_4259\/\" data-url=\"https:\/\/walksandmore.com\/wp-content\/uploads\/2025\/01\/IMG_4259-768x1024.jpeg\" data-width=\"1920\" src=\"https:\/\/i0.wp.com\/walksandmore.com\/wp-content\/uploads\/2025\/01\/IMG_4259-768x1024.jpeg?ssl=1\" data-amp-layout=\"responsive\" aria-label=\"Afbeelding 13 of 13 op volledig scherm openen\"\/><\/figure><\/div><\/div><\/div><\/div><\/div>\n\n\n\n<p><\/p>\n\n\n\n<div class=\"wp-block-columns is-layout-flex wp-container-core-columns-is-layout-9d6595d7 wp-block-columns-is-layout-flex\">\n<div class=\"wp-block-column is-layout-flow wp-block-column-is-layout-flow\">\n<div class=\"wp-block-buttons is-content-justification-center is-layout-flex wp-container-core-buttons-is-layout-16018d1d wp-block-buttons-is-layout-flex\">\n<div class=\"wp-block-button is-style-fill\"><a class=\"wp-block-button__link has-black-color has-text-color has-background has-link-color wp-element-button\" href=\"https:\/\/walksandmore.com\/en\/sabrinas-wandelingen\/zweden-sverige\/\" style=\"background-color:#d3dbd0\">Verder wandelen in Zweden<\/a><\/div>\n<\/div>\n<\/div>\n\n\n\n<div class=\"wp-block-column is-layout-flow wp-block-column-is-layout-flow\">\n<div class=\"wp-block-buttons is-content-justification-center is-layout-flex wp-container-core-buttons-is-layout-16018d1d wp-block-buttons-is-layout-flex\">\n<div class=\"wp-block-button\"><a class=\"wp-block-button__link has-black-color has-text-color has-background has-link-color wp-element-button\" href=\"https:\/\/walksandmore.com\/en\/sabrinas-wandelingen\/belgie\/\" style=\"background-color:#d3dbd0\">Walks in Belgium<\/a><\/div>\n<\/div>\n<\/div>\n\n\n\n<div class=\"wp-block-column is-layout-flow wp-block-column-is-layout-flow\">\n<div class=\"wp-block-buttons is-content-justification-center is-layout-flex wp-container-core-buttons-is-layout-16018d1d wp-block-buttons-is-layout-flex\">\n<div class=\"wp-block-button\"><a class=\"wp-block-button__link has-black-color has-text-color has-background has-link-color has-text-align-center wp-element-button\" href=\"https:\/\/walksandmore.com\/en\/sabrinas-wandelingen\/nederland\/\" style=\"background-color:#d3dbd0\">Walks in the Netherlands<\/a><\/div>\n<\/div>\n<\/div>\n<\/div>","protected":false},"excerpt":{"rendered":"<p>TYPE: RONDWANDELING Afstand: 6 km Zwaarte: makkelijk START- en EINDPUNT: parkeerplek einde weg met infobord naast reservaat (N59.153822 O12.681037) Het 264 ha grote natuurreservaat Brurmossen ligt op de grens tussen V\u00e4stra G\u00f6taland en V\u00e4rmland op ongeveer 10 km ten noorden van \u00c5m\u00e5l. Het is een veen- en moerasgebied met veel oude pijnbomen, sparren en hier <a class=\"read-more\" href=\"https:\/\/walksandmore.com\/en\/sabrinas-wandelingen\/zweden-sverige\/natuurreservaat-brurmossen\/\">READ MORE<\/a><\/p>","protected":false},"author":1,"featured_media":0,"parent":627,"menu_order":0,"comment_status":"open","ping_status":"closed","template":"","meta":{"_themeisle_gutenberg_block_has_review":false,"footnotes":""},"class_list":["post-819","page","type-page","status-publish","hentry"],"jetpack_sharing_enabled":true,"_links":{"self":[{"href":"https:\/\/walksandmore.com\/en\/wp-json\/wp\/v2\/pages\/819","targetHints":{"allow":["GET"]}}],"collection":[{"href":"https:\/\/walksandmore.com\/en\/wp-json\/wp\/v2\/pages"}],"about":[{"href":"https:\/\/walksandmore.com\/en\/wp-json\/wp\/v2\/types\/page"}],"author":[{"embeddable":true,"href":"https:\/\/walksandmore.com\/en\/wp-json\/wp\/v2\/users\/1"}],"replies":[{"embeddable":true,"href":"https:\/\/walksandmore.com\/en\/wp-json\/wp\/v2\/comments?post=819"}],"version-history":[{"count":10,"href":"https:\/\/walksandmore.com\/en\/wp-json\/wp\/v2\/pages\/819\/revisions"}],"predecessor-version":[{"id":1709,"href":"https:\/\/walksandmore.com\/en\/wp-json\/wp\/v2\/pages\/819\/revisions\/1709"}],"up":[{"embeddable":true,"href":"https:\/\/walksandmore.com\/en\/wp-json\/wp\/v2\/pages\/627"}],"wp:attachment":[{"href":"https:\/\/walksandmore.com\/en\/wp-json\/wp\/v2\/media?parent=819"}],"curies":[{"name":"wp","href":"https:\/\/api.w.org\/{rel}","templated":true}]}}