{"id":627,"date":"2025-01-01T16:27:55","date_gmt":"2025-01-01T15:27:55","guid":{"rendered":"https:\/\/walksandmore.com\/?page_id=627"},"modified":"2025-10-06T14:52:44","modified_gmt":"2025-10-06T13:52:44","slug":"zweden-sverige","status":"publish","type":"page","link":"https:\/\/walksandmore.com\/en\/sabrinas-wandelingen\/zweden-sverige\/","title":{"rendered":"Sweden"},"content":{"rendered":"<p>My first experience with this land of vast lakes and stunning nature was through my summer volunteer work with <a href=\"https:\/\/www.drakkar.be\/\" data-type=\"link\" data-id=\"https:\/\/www.drakkar.be\/\" target=\"_blank\" rel=\"noreferrer noopener\">Drakkar Outdoor<\/a> in R\u00f6k, V\u00e4rmland. 2023, when I was asked to spend the winter overthere, I admit I had to think about it. But I had to take on the opportunity, and so I travelled there at the end of October. It turned out to be the toughest winter in years. And I enjoyed it! Summer 2024, I also assisted with the overall management and decided to spend another the winter at the location. And so, in 2024 I was in Sweden for 6.5 months, mainly in the V\u00e4rmland region. Most of the walks described so far are thus in that region.<\/p>\n\n\n\n<p>Sweden has the Right of Public Access - '<strong>Allemansr\u00e4tten<\/strong>', which gives everyone the right to enjoy nature. In brief, this means: <strong><em>Do not disturb and do not destroy anything!<\/em><\/strong> Do not only bare in mind nature and animals, but also the landowners. Most of the guidelines are quite logical. You can download a helpful brochure on this topic from the <a href=\"https:\/\/www.naturvardsverket.se\/en\/topics\/the-right-of-public-access\/other-languages\/\" data-type=\"link\" data-id=\"https:\/\/www.naturvardsverket.se\/en\/topics\/the-right-of-public-access\/other-languages\/\" target=\"_blank\" rel=\"noreferrer noopener\">Naturvardsverket<\/a>, which is available in multiple languages.<\/p>\n\n\n\n<p>If you want to check out more details of each walk, select the picture of text underneath. <br>If you prefer to walk one or more hikes together with me, please feel free to contact me.<\/p>\n\n\n\n<div class=\"wp-block-columns is-not-stacked-on-mobile has-small-font-size is-layout-flex wp-container-core-columns-is-layout-9d6595d7 wp-block-columns-is-layout-flex\">\n<div class=\"wp-block-column is-vertically-aligned-center is-layout-flow wp-block-column-is-layout-flow\"><div class=\"wp-block-image is-style-rounded\">\n<figure class=\"aligncenter size-medium is-resized\"><a href=\"https:\/\/walksandmore.com\/en\/sabrinas-wandelingen\/zweden-sverige\/natuurreservaat-brurmossen\/\"><img decoding=\"async\" src=\"https:\/\/walksandmore.com\/wp-content\/uploads\/2025\/01\/IMG_4253-225x300.jpeg\" alt=\"\" class=\"wp-image-838\" style=\"width:135px;height:auto\"\/><\/a><figcaption class=\"wp-element-caption\"><a href=\"https:\/\/walksandmore.com\/en\/sabrinas-wandelingen\/zweden-sverige\/natuurreservaat-brurmossen\/\" data-type=\"page\" data-id=\"819\">Nature Reserve Brurmossen<\/a><\/figcaption><\/figure>\n<\/div><\/div>\n\n\n\n<div class=\"wp-block-column is-layout-flow wp-block-column-is-layout-flow\"><div class=\"wp-block-image is-style-rounded\">\n<figure class=\"aligncenter size-large is-resized\"><a href=\"https:\/\/walksandmore.com\/en\/sabrinas-wandelingen\/zweden-sverige\/tussen-sandaholm-en-jarnsjon-camping\/\"><img loading=\"lazy\" decoding=\"async\" width=\"1024\" height=\"768\" src=\"https:\/\/walksandmore.com\/wp-content\/uploads\/2025\/01\/IMG_3489-1024x768.jpeg\" alt=\"\" class=\"wp-image-1069\" style=\"width:135px\" srcset=\"https:\/\/walksandmore.com\/wp-content\/uploads\/2025\/01\/IMG_3489-1024x768.jpeg 1024w, https:\/\/walksandmore.com\/wp-content\/uploads\/2025\/01\/IMG_3489-300x225.jpeg 300w, https:\/\/walksandmore.com\/wp-content\/uploads\/2025\/01\/IMG_3489-768x576.jpeg 768w, https:\/\/walksandmore.com\/wp-content\/uploads\/2025\/01\/IMG_3489-1536x1152.jpeg 1536w, https:\/\/walksandmore.com\/wp-content\/uploads\/2025\/01\/IMG_3489-2048x1536.jpeg 2048w\" sizes=\"auto, (max-width: 1024px) 100vw, 1024px\" \/><\/a><figcaption class=\"wp-element-caption\"><a href=\"https:\/\/walksandmore.com\/en\/sabrinas-wandelingen\/zweden-sverige\/tussen-sandaholm-en-jarnsjon-camping\/\" data-type=\"page\" data-id=\"90\">In between Sandaholm &amp; J\u00e4rnsj\u00f6n Camp site<\/a><\/figcaption><\/figure>\n<\/div><\/div>\n\n\n\n<div class=\"wp-block-column is-layout-flow wp-block-column-is-layout-flow\"><div class=\"wp-block-image is-style-rounded\">\n<figure class=\"aligncenter size-large is-resized\"><a href=\"https:\/\/walksandmore.com\/en\/sabrinas-wandelingen\/zweden-sverige\/in-de-bossen-van-rok\/\"><img loading=\"lazy\" decoding=\"async\" width=\"1024\" height=\"768\" src=\"https:\/\/walksandmore.com\/wp-content\/uploads\/2025\/01\/IMG_7053-1024x768.jpeg\" alt=\"\" class=\"wp-image-1072\" style=\"width:135px;height:auto\" srcset=\"https:\/\/walksandmore.com\/wp-content\/uploads\/2025\/01\/IMG_7053-1024x768.jpeg 1024w, https:\/\/walksandmore.com\/wp-content\/uploads\/2025\/01\/IMG_7053-300x225.jpeg 300w, https:\/\/walksandmore.com\/wp-content\/uploads\/2025\/01\/IMG_7053-768x576.jpeg 768w, https:\/\/walksandmore.com\/wp-content\/uploads\/2025\/01\/IMG_7053-1536x1152.jpeg 1536w, https:\/\/walksandmore.com\/wp-content\/uploads\/2025\/01\/IMG_7053-2048x1536.jpeg 2048w\" sizes=\"auto, (max-width: 1024px) 100vw, 1024px\" \/><\/a><figcaption class=\"wp-element-caption\"><a href=\"https:\/\/walksandmore.com\/en\/sabrinas-wandelingen\/zweden-sverige\/in-de-bossen-van-rok\/\" data-type=\"page\" data-id=\"499\">In de woods around R\u00f6k<\/a><\/figcaption><\/figure>\n<\/div><\/div>\n\n\n\n<div class=\"wp-block-column is-vertically-aligned-center is-layout-flow wp-block-column-is-layout-flow\"><div class=\"wp-block-image is-style-rounded\">\n<figure class=\"aligncenter size-large is-resized\"><a href=\"https:\/\/walksandmore.com\/en\/sabrinas-wandelingen\/zweden-sverige\/rok-sandtegen-sorby-rok\/\"><img loading=\"lazy\" decoding=\"async\" width=\"768\" height=\"1024\" src=\"https:\/\/walksandmore.com\/wp-content\/uploads\/2025\/01\/IMG_7006-768x1024.jpeg\" alt=\"\" class=\"wp-image-792\" style=\"width:135px\" srcset=\"https:\/\/walksandmore.com\/wp-content\/uploads\/2025\/01\/IMG_7006-768x1024.jpeg 768w, https:\/\/walksandmore.com\/wp-content\/uploads\/2025\/01\/IMG_7006-225x300.jpeg 225w, https:\/\/walksandmore.com\/wp-content\/uploads\/2025\/01\/IMG_7006-1152x1536.jpeg 1152w, https:\/\/walksandmore.com\/wp-content\/uploads\/2025\/01\/IMG_7006-1536x2048.jpeg 1536w, https:\/\/walksandmore.com\/wp-content\/uploads\/2025\/01\/IMG_7006-scaled.jpeg 1920w\" sizes=\"auto, (max-width: 768px) 100vw, 768px\" \/><\/a><figcaption class=\"wp-element-caption\"><a href=\"https:\/\/walksandmore.com\/en\/sabrinas-wandelingen\/zweden-sverige\/rok-sandtegen-sorby-rok\/\" data-type=\"page\" data-id=\"485\">R\u00f6k-Sandtegen-S\u00f6rby-R\u00f6k<\/a><\/figcaption><\/figure>\n<\/div><\/div>\n\n\n\n<div class=\"wp-block-column is-layout-flow wp-block-column-is-layout-flow\"><div class=\"wp-block-image is-style-rounded\">\n<figure class=\"aligncenter size-medium is-resized\"><a href=\"https:\/\/walksandmore.com\/en\/sabrinas-wandelingen\/zweden-sverige\/rivierwandeling-silbodal-arjang\/\"><img loading=\"lazy\" decoding=\"async\" width=\"300\" height=\"225\" src=\"https:\/\/walksandmore.com\/wp-content\/uploads\/2025\/01\/48CF891E-7E3B-4749-AF16-E862BCF20638-300x225.jpeg\" alt=\"\" class=\"wp-image-869\" style=\"width:135px\" srcset=\"https:\/\/walksandmore.com\/wp-content\/uploads\/2025\/01\/48CF891E-7E3B-4749-AF16-E862BCF20638-300x225.jpeg 300w, https:\/\/walksandmore.com\/wp-content\/uploads\/2025\/01\/48CF891E-7E3B-4749-AF16-E862BCF20638-1024x768.jpeg 1024w, https:\/\/walksandmore.com\/wp-content\/uploads\/2025\/01\/48CF891E-7E3B-4749-AF16-E862BCF20638-768x576.jpeg 768w, https:\/\/walksandmore.com\/wp-content\/uploads\/2025\/01\/48CF891E-7E3B-4749-AF16-E862BCF20638-1536x1152.jpeg 1536w, https:\/\/walksandmore.com\/wp-content\/uploads\/2025\/01\/48CF891E-7E3B-4749-AF16-E862BCF20638-2048x1536.jpeg 2048w\" sizes=\"auto, (max-width: 300px) 100vw, 300px\" \/><\/a><figcaption class=\"wp-element-caption\"><a href=\"https:\/\/walksandmore.com\/en\/sabrinas-wandelingen\/zweden-sverige\/rivierwandeling-silbodal-arjang\/\" data-type=\"page\" data-id=\"739\">River walk + Silbodal, \u00c5rj\u00e4ng<\/a><\/figcaption><\/figure>\n<\/div><\/div>\n<\/div>\n\n\n\n<div class=\"wp-block-columns is-layout-flex wp-container-core-columns-is-layout-9d6595d7 wp-block-columns-is-layout-flex\">\n<div class=\"wp-block-column is-vertically-aligned-center has-small-font-size is-layout-flow wp-block-column-is-layout-flow\"><div class=\"wp-block-image is-style-rounded\">\n<figure class=\"aligncenter size-large is-resized\"><a href=\"https:\/\/walksandmore.com\/en\/nature-culture-trail-sillebotten\/\"><img loading=\"lazy\" decoding=\"async\" width=\"1024\" height=\"768\" src=\"https:\/\/walksandmore.com\/wp-content\/uploads\/2025\/01\/IMG_3812-1024x768.jpeg\" alt=\"\" class=\"wp-image-1124\" style=\"width:135px;height:auto\" srcset=\"https:\/\/walksandmore.com\/wp-content\/uploads\/2025\/01\/IMG_3812-1024x768.jpeg 1024w, https:\/\/walksandmore.com\/wp-content\/uploads\/2025\/01\/IMG_3812-300x225.jpeg 300w, https:\/\/walksandmore.com\/wp-content\/uploads\/2025\/01\/IMG_3812-768x576.jpeg 768w, https:\/\/walksandmore.com\/wp-content\/uploads\/2025\/01\/IMG_3812-1536x1152.jpeg 1536w, https:\/\/walksandmore.com\/wp-content\/uploads\/2025\/01\/IMG_3812-2048x1536.jpeg 2048w\" sizes=\"auto, (max-width: 1024px) 100vw, 1024px\" \/><\/a><figcaption class=\"wp-element-caption\"><a href=\"https:\/\/walksandmore.com\/en\/nature-culture-trail-sillebotten\/\" data-type=\"page\" data-id=\"875\">Nature &amp; Culture Walk, Sillebotten<\/a><\/figcaption><\/figure>\n<\/div><\/div>\n\n\n\n<div class=\"wp-block-column is-vertically-aligned-center is-layout-flow wp-block-column-is-layout-flow\"><div class=\"wp-block-image is-style-rounded\">\n<figure class=\"aligncenter size-large is-resized\"><a href=\"https:\/\/walksandmore.com\/en\/sabrinas-wandelingen\/zweden-sverige\/een-dagje-uit-in-karlstad\/\"><img loading=\"lazy\" decoding=\"async\" width=\"768\" height=\"1024\" src=\"https:\/\/walksandmore.com\/wp-content\/uploads\/2025\/01\/IMG_3677-768x1024.jpeg\" alt=\"\" class=\"wp-image-1147\" style=\"width:135px\" srcset=\"https:\/\/walksandmore.com\/wp-content\/uploads\/2025\/01\/IMG_3677-768x1024.jpeg 768w, https:\/\/walksandmore.com\/wp-content\/uploads\/2025\/01\/IMG_3677-225x300.jpeg 225w, https:\/\/walksandmore.com\/wp-content\/uploads\/2025\/01\/IMG_3677-1152x1536.jpeg 1152w, https:\/\/walksandmore.com\/wp-content\/uploads\/2025\/01\/IMG_3677-scaled.jpeg 1920w\" sizes=\"auto, (max-width: 768px) 100vw, 768px\" \/><\/a><figcaption class=\"wp-element-caption\"><a href=\"https:\/\/walksandmore.com\/en\/sabrinas-wandelingen\/zweden-sverige\/een-dagje-uit-in-karlstad\/\" data-type=\"page\" data-id=\"1142\">Karlstad<\/a><\/figcaption><\/figure>\n<\/div><\/div>\n\n\n\n<div class=\"wp-block-column is-layout-flow wp-block-column-is-layout-flow\"><div class=\"wp-block-image is-style-rounded\">\n<figure class=\"aligncenter size-large is-resized\"><a href=\"https:\/\/walksandmore.com\/en\/sabrinas-wandelingen\/zweden-sverige\/rond-het-skarbolstjarnet-en-oster-svan-meer-svanskog\/\"><img loading=\"lazy\" decoding=\"async\" width=\"1024\" height=\"768\" src=\"https:\/\/walksandmore.com\/wp-content\/uploads\/2025\/01\/IMG_7895-1024x768.jpeg\" alt=\"\" class=\"wp-image-1226\" style=\"width:135px;height:auto\" srcset=\"https:\/\/walksandmore.com\/wp-content\/uploads\/2025\/01\/IMG_7895-1024x768.jpeg 1024w, https:\/\/walksandmore.com\/wp-content\/uploads\/2025\/01\/IMG_7895-300x225.jpeg 300w, https:\/\/walksandmore.com\/wp-content\/uploads\/2025\/01\/IMG_7895-768x576.jpeg 768w, https:\/\/walksandmore.com\/wp-content\/uploads\/2025\/01\/IMG_7895-1536x1152.jpeg 1536w, https:\/\/walksandmore.com\/wp-content\/uploads\/2025\/01\/IMG_7895-2048x1536.jpeg 2048w\" sizes=\"auto, (max-width: 1024px) 100vw, 1024px\" \/><\/a><figcaption class=\"wp-element-caption\"><a href=\"https:\/\/walksandmore.com\/en\/sabrinas-wandelingen\/zweden-sverige\/rond-het-skarbolstjarnet-en-oster-svan-meer-svanskog\/\" data-type=\"page\" data-id=\"1238\">Skarbolstj\u00e4rnet &amp; \u00d6ster-Svan, Svanskog<\/a><\/figcaption><\/figure>\n<\/div><\/div>\n\n\n\n<div class=\"wp-block-column is-layout-flow wp-block-column-is-layout-flow\"><div class=\"wp-block-image is-style-rounded\">\n<figure class=\"aligncenter size-medium is-resized\"><a href=\"https:\/\/walksandmore.com\/en\/sabrinas-wandelingen\/zweden-sverige\/orsberget\/\"><img loading=\"lazy\" decoding=\"async\" width=\"300\" height=\"225\" src=\"https:\/\/walksandmore.com\/wp-content\/uploads\/2025\/03\/A7CEE13D-69F8-4C53-BB6D-DE119CBBB933_1_201_a-300x225.jpeg\" alt=\"\" class=\"wp-image-1670\" style=\"width:135px\" srcset=\"https:\/\/walksandmore.com\/wp-content\/uploads\/2025\/03\/A7CEE13D-69F8-4C53-BB6D-DE119CBBB933_1_201_a-300x225.jpeg 300w, https:\/\/walksandmore.com\/wp-content\/uploads\/2025\/03\/A7CEE13D-69F8-4C53-BB6D-DE119CBBB933_1_201_a-1024x768.jpeg 1024w, https:\/\/walksandmore.com\/wp-content\/uploads\/2025\/03\/A7CEE13D-69F8-4C53-BB6D-DE119CBBB933_1_201_a-768x576.jpeg 768w, https:\/\/walksandmore.com\/wp-content\/uploads\/2025\/03\/A7CEE13D-69F8-4C53-BB6D-DE119CBBB933_1_201_a-1536x1152.jpeg 1536w, https:\/\/walksandmore.com\/wp-content\/uploads\/2025\/03\/A7CEE13D-69F8-4C53-BB6D-DE119CBBB933_1_201_a-2048x1536.jpeg 2048w, https:\/\/walksandmore.com\/wp-content\/uploads\/2025\/03\/A7CEE13D-69F8-4C53-BB6D-DE119CBBB933_1_201_a-16x12.jpeg 16w\" sizes=\"auto, (max-width: 300px) 100vw, 300px\" \/><\/a><figcaption class=\"wp-element-caption\"><a href=\"https:\/\/walksandmore.com\/en\/sabrinas-wandelingen\/zweden-sverige\/orsberget\/\" data-type=\"page\" data-id=\"1667\">Nature Reserve Orsberget<\/a><\/figcaption><\/figure>\n<\/div><\/div>\n\n\n\n<div class=\"wp-block-column is-layout-flow wp-block-column-is-layout-flow\"><\/div>\n<\/div>\n\n\n\n<p>Extra information &amp; links:<br><a href=\"https:\/\/www.visitvarmland.com\/\">https:\/\/www.visitvarmland.com\/<\/a><br><a href=\"https:\/\/www.drakkar.be\/\">https:\/\/www.drakkar.be\/<\/a><br><a href=\"https:\/\/www.silltal.com\/en\">https:\/\/www.silltal.com\/en<\/a><br><a href=\"https:\/\/dalslandnordmarken.se\/en\/\">https:\/\/dalslandnordmarken.se\/en\/<\/a><\/p>","protected":false},"excerpt":{"rendered":"<p>Ik kwam in contact met dit land van uitgestrekte meren en prachtige natuur door mijn zomers vrijwilligerswerk bij Drakkar Outdoor in R\u00f6k, V\u00e4rmland. Toen ik 2023 de vraag kreeg om de winter er door te brengen, moest ik daar toch even over nadenken. Maar zo&#8217;n kans kon ik niet laten voorbijgaan dus vertrok ik eind <a class=\"read-more\" href=\"https:\/\/walksandmore.com\/en\/sabrinas-wandelingen\/zweden-sverige\/\">READ MORE<\/a><\/p>","protected":false},"author":1,"featured_media":654,"parent":198,"menu_order":0,"comment_status":"closed","ping_status":"closed","template":"","meta":{"_themeisle_gutenberg_block_has_review":false,"footnotes":""},"class_list":["post-627","page","type-page","status-publish","has-post-thumbnail","hentry"],"jetpack_sharing_enabled":true,"_links":{"self":[{"href":"https:\/\/walksandmore.com\/en\/wp-json\/wp\/v2\/pages\/627","targetHints":{"allow":["GET"]}}],"collection":[{"href":"https:\/\/walksandmore.com\/en\/wp-json\/wp\/v2\/pages"}],"about":[{"href":"https:\/\/walksandmore.com\/en\/wp-json\/wp\/v2\/types\/page"}],"author":[{"embeddable":true,"href":"https:\/\/walksandmore.com\/en\/wp-json\/wp\/v2\/users\/1"}],"replies":[{"embeddable":true,"href":"https:\/\/walksandmore.com\/en\/wp-json\/wp\/v2\/comments?post=627"}],"version-history":[{"count":34,"href":"https:\/\/walksandmore.com\/en\/wp-json\/wp\/v2\/pages\/627\/revisions"}],"predecessor-version":[{"id":1791,"href":"https:\/\/walksandmore.com\/en\/wp-json\/wp\/v2\/pages\/627\/revisions\/1791"}],"up":[{"embeddable":true,"href":"https:\/\/walksandmore.com\/en\/wp-json\/wp\/v2\/pages\/198"}],"wp:featuredmedia":[{"embeddable":true,"href":"https:\/\/walksandmore.com\/en\/wp-json\/wp\/v2\/media\/654"}],"wp:attachment":[{"href":"https:\/\/walksandmore.com\/en\/wp-json\/wp\/v2\/media?parent=627"}],"curies":[{"name":"wp","href":"https:\/\/api.w.org\/{rel}","templated":true}]}}