{"id":485,"date":"2025-01-01T16:34:26","date_gmt":"2025-01-01T15:34:26","guid":{"rendered":"https:\/\/walksandmore.com\/?page_id=485"},"modified":"2025-02-26T13:18:56","modified_gmt":"2025-02-26T12:18:56","slug":"rok-sandtegen-sorby-rok","status":"publish","type":"page","link":"https:\/\/walksandmore.com\/en\/sabrinas-wandelingen\/zweden-sverige\/rok-sandtegen-sorby-rok\/","title":{"rendered":"R\u00f6k-Sandtegen-S\u00f6rby-R\u00f6k"},"content":{"rendered":"<div class=\"wp-block-columns is-layout-flex wp-container-core-columns-is-layout-9d6595d7 wp-block-columns-is-layout-flex\">\n<div class=\"wp-block-column is-layout-flow wp-block-column-is-layout-flow\">\n<p><strong>TYPE: CIRCULAR WALK<\/strong><\/p>\n\n\n\n<p><strong>Distance: <\/strong>12 km<br><strong>Tijd: <\/strong>3 uur<br><strong>Difficulty<\/strong>: gemiddeld<\/p>\n<\/div>\n\n\n\n<div class=\"wp-block-column is-layout-flow wp-block-column-is-layout-flow\">\n<p><strong>START- and END POINT:<\/strong> Drakkar Outdoor Basecamp, Varmland, Sweden<\/p>\n<\/div>\n<\/div>\n\n\n\n<p>We schrijven midden december 2024 en in tegenstelling tot vorig jaar, is het best warm.  Er ligt nog helemaal geen sneeuw en het meer is niet bevroren.  Het ideale moment om eropuit te gaan.  Plan is om naar het \u00d6rtj\u00e4rn te wandelen.  Toen ik dit meertje vorig jaar tijdens een wandeling ontdekte, lag er best veel sneeuw en was het op sommige plaatsen best glad om te wandelen.   Voor ik vertrek steek ik, naar goede gewoonte nog een flesje water en wat haverkoeken in mijn dagrugzak.  Ook de wandelkaart gaat mee.  Meestal maak ik in Zweden gebruik van de Sverigeserien &#8211; Topo50 kaarten van Norstedts.  Deze wandelkaarten hebben een schaal van 1:50 000.  Tegelijkertijd zet ik altijd of Strava of Komoot op.  Dit keer kies ik voor de Komoot app.<\/p>\n\n\n\n<p>De weg is breed en op de kaart zie ik ook dat hij een aantal zijwegen heeft, waarlangs ik mijn route zou kunnen inkorten.  Hoewel ik bij elke zijweg wel even check hoe laat het is en hoe lang ik over de afstand doe, neem ik nooit de verkorting maar wandel ik steeds rechtdoor.  Achteraf las ik op de kaart dat ik onder andere voorbij &#8216;Dyvelsmossen&#8217; ben gewandeld en ga ervan uit dat dit &#8216;duivelsmossen&#8217; betekent.  Volgens google translate betekent het Zweedse woord echter <em>deuvel<\/em>, een woord dat ik zelfs in het Nederlands niet ken en wat volgens de Van Dale &#8216;<em>houten pin waarmede platen en planken van de bodem van een vat worden aaneen bevestigd<\/em>&#8216;, betekent.  Ik hou het liever bij duivelsmos&#8230;<\/p>\n\n\n\n<div class=\"wp-block-columns is-layout-flex wp-container-core-columns-is-layout-9d6595d7 wp-block-columns-is-layout-flex\">\n<div class=\"wp-block-column is-layout-flow wp-block-column-is-layout-flow\" style=\"flex-basis:66.66%\">\n<p><\/p>\n\n\n\n<p>Op het punt waar de weg een bocht naar rechts maakt, krijg je meteen een prachtig uitzicht over een meertje: R\u00f6rtj\u00e4rnet. Iets hogerop staat er ook een uitkijktoren. Het pad voert een klein stukje langs het meer en in de zomer is dit zeker een leuk picknickplekje. Iets verderop zie ik zelfs nog een bootje liggen.<\/p>\n<\/div>\n\n\n\n<div class=\"wp-block-column is-layout-flow wp-block-column-is-layout-flow\" style=\"flex-basis:33.33%\">\n<figure class=\"wp-block-gallery has-nested-images columns-default is-cropped wp-block-gallery-1 is-layout-flex wp-block-gallery-is-layout-flex\">\n<figure class=\"wp-block-image size-large is-style-rounded\"><img loading=\"lazy\" decoding=\"async\" width=\"768\" height=\"1024\" data-id=\"1489\" src=\"https:\/\/walksandmore.com\/wp-content\/uploads\/2025\/02\/9EC29FEF-D163-4135-80D5-43E4BC3F0766_1_105_c.jpeg\" alt=\"\" class=\"wp-image-1489\" srcset=\"https:\/\/walksandmore.com\/wp-content\/uploads\/2025\/02\/9EC29FEF-D163-4135-80D5-43E4BC3F0766_1_105_c.jpeg 768w, https:\/\/walksandmore.com\/wp-content\/uploads\/2025\/02\/9EC29FEF-D163-4135-80D5-43E4BC3F0766_1_105_c-225x300.jpeg 225w\" sizes=\"auto, (max-width: 768px) 100vw, 768px\" \/><\/figure>\n\n\n\n<figure class=\"wp-block-image size-large is-style-rounded\"><img loading=\"lazy\" decoding=\"async\" width=\"768\" height=\"1024\" data-id=\"1495\" src=\"https:\/\/walksandmore.com\/wp-content\/uploads\/2025\/02\/2A096A8B-5819-4DC3-894F-5582753D8B2D_1_105_c.jpeg\" alt=\"\" class=\"wp-image-1495\" srcset=\"https:\/\/walksandmore.com\/wp-content\/uploads\/2025\/02\/2A096A8B-5819-4DC3-894F-5582753D8B2D_1_105_c.jpeg 768w, https:\/\/walksandmore.com\/wp-content\/uploads\/2025\/02\/2A096A8B-5819-4DC3-894F-5582753D8B2D_1_105_c-225x300.jpeg 225w\" sizes=\"auto, (max-width: 768px) 100vw, 768px\" \/><\/figure>\n\n\n\n<figure class=\"wp-block-image size-large is-style-rounded\"><img loading=\"lazy\" decoding=\"async\" width=\"1024\" height=\"768\" data-id=\"1493\" src=\"https:\/\/walksandmore.com\/wp-content\/uploads\/2025\/02\/21980A55-D654-4219-83B8-ED468F3BF1FA_1_105_c.jpeg\" alt=\"\" class=\"wp-image-1493\" srcset=\"https:\/\/walksandmore.com\/wp-content\/uploads\/2025\/02\/21980A55-D654-4219-83B8-ED468F3BF1FA_1_105_c.jpeg 1024w, https:\/\/walksandmore.com\/wp-content\/uploads\/2025\/02\/21980A55-D654-4219-83B8-ED468F3BF1FA_1_105_c-300x225.jpeg 300w, https:\/\/walksandmore.com\/wp-content\/uploads\/2025\/02\/21980A55-D654-4219-83B8-ED468F3BF1FA_1_105_c-768x576.jpeg 768w\" sizes=\"auto, (max-width: 1024px) 100vw, 1024px\" \/><\/figure>\n<\/figure>\n<\/div>\n<\/div>\n\n\n\n<p>Ik wandel verder langs het pad, dat eigenlijk al de terugweg is. Na een tijdje herken ik de omgeving: hier heb ik afgelopen zomer nog met een vriend gewandeld en ik herinner me dat ik een weggetje aan de linkerkant passeer dat naar het \u00d6rtj\u00e4rn-meertje leidt. Vorige winter heb ik aan de andere kant van dat meer een wandelpad gevolgd. Een andere vriend vertelde me dat je, hoewel er geen echt pad is, langs het meer kunt doorkruisen om aan de andere kant weer bij een pad uit te komen. Het kan daar echter behoorlijk drassig zijn. Terwijl ik verder wandel, overweeg ik of ik het zelf wil uitproberen.<\/p>\n\n\n\n<div class=\"wp-block-columns is-layout-flex wp-container-core-columns-is-layout-9d6595d7 wp-block-columns-is-layout-flex\">\n<div class=\"wp-block-column is-vertically-aligned-center is-layout-flow wp-block-column-is-layout-flow\" style=\"flex-basis:33.33%\">\n<figure class=\"wp-block-gallery aligncenter has-nested-images columns-default is-cropped wp-block-gallery-2 is-layout-flex wp-block-gallery-is-layout-flex\">\n<figure class=\"wp-block-image size-large is-style-rounded\"><img loading=\"lazy\" decoding=\"async\" width=\"768\" height=\"1024\" data-id=\"1496\" src=\"https:\/\/walksandmore.com\/wp-content\/uploads\/2025\/02\/1F31D7BD-3EED-426D-B067-7653261AB9D1_1_105_c.jpeg\" alt=\"\" class=\"wp-image-1496\" srcset=\"https:\/\/walksandmore.com\/wp-content\/uploads\/2025\/02\/1F31D7BD-3EED-426D-B067-7653261AB9D1_1_105_c.jpeg 768w, https:\/\/walksandmore.com\/wp-content\/uploads\/2025\/02\/1F31D7BD-3EED-426D-B067-7653261AB9D1_1_105_c-225x300.jpeg 225w\" sizes=\"auto, (max-width: 768px) 100vw, 768px\" \/><\/figure>\n\n\n\n<figure class=\"wp-block-image size-large is-style-rounded\"><img loading=\"lazy\" decoding=\"async\" width=\"1024\" height=\"768\" data-id=\"1498\" src=\"https:\/\/walksandmore.com\/wp-content\/uploads\/2025\/02\/4946785B-E190-412B-BEB6-08DA0F370745_1_105_c.jpeg\" alt=\"\" class=\"wp-image-1498\" srcset=\"https:\/\/walksandmore.com\/wp-content\/uploads\/2025\/02\/4946785B-E190-412B-BEB6-08DA0F370745_1_105_c.jpeg 1024w, https:\/\/walksandmore.com\/wp-content\/uploads\/2025\/02\/4946785B-E190-412B-BEB6-08DA0F370745_1_105_c-300x225.jpeg 300w, https:\/\/walksandmore.com\/wp-content\/uploads\/2025\/02\/4946785B-E190-412B-BEB6-08DA0F370745_1_105_c-768x576.jpeg 768w\" sizes=\"auto, (max-width: 1024px) 100vw, 1024px\" \/><\/figure>\n\n\n\n<figure class=\"wp-block-image size-large is-style-rounded\"><img loading=\"lazy\" decoding=\"async\" width=\"768\" height=\"1024\" data-id=\"1499\" src=\"https:\/\/walksandmore.com\/wp-content\/uploads\/2025\/02\/AE1B7BBD-A67D-4120-A602-29C0A1125DD5_1_105_c.jpeg\" alt=\"\" class=\"wp-image-1499\" srcset=\"https:\/\/walksandmore.com\/wp-content\/uploads\/2025\/02\/AE1B7BBD-A67D-4120-A602-29C0A1125DD5_1_105_c.jpeg 768w, https:\/\/walksandmore.com\/wp-content\/uploads\/2025\/02\/AE1B7BBD-A67D-4120-A602-29C0A1125DD5_1_105_c-225x300.jpeg 225w\" sizes=\"auto, (max-width: 768px) 100vw, 768px\" \/><\/figure>\n<\/figure>\n<\/div>\n\n\n\n<div class=\"wp-block-column is-layout-flow wp-block-column-is-layout-flow\" style=\"flex-basis:66.66%\">\n<p>Aan de splitsing aangekomen, besluit ik om het er toch op te wagen. Het eerste stuk is echt goed te doen want er is zelfs een pad zichtbaar. Maar al snel wordt het pad smaller, en denk ik nog net de sporen van een pad door het bos te onderscheiden. Ik volg deze sporen, maar die verdwijnen al snel, en het terrein wordt steeds drassiger. Toch wil ik niet omkeren. Als ik op Komoot zie dat het pad dat ik zoek niet ver meer is, besluit ik mijn weg door het bos voort te zetten. Ik wandel eerst een stukje verder naar boven om dan via een scherpe bocht rechtsaf naar beneden te buigen tot ik weer een glimp van het meer opvang. Vanaf dat punt wandel ik parallel aan het meer verder door het bos, terwijl ik me blijf ori\u00ebnteren op het pad dat ik wil bereiken. En plots zie ik toch weer iets dat lijkt op een spoor. Om het echte pad te bereiken, moet ik het laatste stukje toch nog mijn weg banen langs ontgonnen bomen.<\/p>\n<\/div>\n<\/div>\n\n\n\n<p>Ik ben nu weer op een vertrouwde, goed begaanbare weg, die uitkomt bij de kruising met de slagboom.  Ik wandel nog voorbij een huis en mooie shelter die voor mijn gevoel priv\u00e9 is. Toen ik de kruising passeer, besluit ik mijn fluohesje aan te doen, want het begint al te schemeren.  Er rijden hier niet enorm veel auto&#8217;s, maar veiligheid vind ik wel belangrijk.  Minder dan een half uurtje later, sta ik weer bij het basecamp. <\/p>\n\n\n\n<p>Wat ben ik blij dat ik de doorsteek toch gemaakt heb! <\/p>\n\n\n\n<div class=\"wp-block-jetpack-tiled-gallery aligncenter is-style-columns\"><div class=\"has-rounded-corners-4\"><div class=\"tiled-gallery__gallery\"><div class=\"tiled-gallery__row\"><div class=\"tiled-gallery__col\" style=\"flex-basis:21.15985%\"><figure class=\"tiled-gallery__item\"><img decoding=\"async\" srcset=\"https:\/\/i0.wp.com\/walksandmore.com\/wp-content\/uploads\/2025\/02\/7F590D38-F682-49A4-8D1F-0DDBA5CA94CD_1_105_c.jpeg?strip=info&#038;w=600&#038;ssl=1 600w,https:\/\/i0.wp.com\/walksandmore.com\/wp-content\/uploads\/2025\/02\/7F590D38-F682-49A4-8D1F-0DDBA5CA94CD_1_105_c.jpeg?strip=info&#038;w=768&#038;ssl=1 768w\" alt=\"\" data-height=\"1024\" data-id=\"1478\" data-link=\"https:\/\/walksandmore.com\/7f590d38-f682-49a4-8d1f-0ddba5ca94cd_1_105_c\/\" data-url=\"https:\/\/walksandmore.com\/wp-content\/uploads\/2025\/02\/7F590D38-F682-49A4-8D1F-0DDBA5CA94CD_1_105_c.jpeg\" data-width=\"768\" src=\"https:\/\/i0.wp.com\/walksandmore.com\/wp-content\/uploads\/2025\/02\/7F590D38-F682-49A4-8D1F-0DDBA5CA94CD_1_105_c.jpeg?ssl=1\" data-amp-layout=\"responsive\" aria-label=\"Afbeelding 1 of 10 op volledig scherm openen\"\/><\/figure><figure class=\"tiled-gallery__item\"><img decoding=\"async\" srcset=\"https:\/\/i0.wp.com\/walksandmore.com\/wp-content\/uploads\/2025\/02\/FDF24E5A-E32E-4D51-AF1A-A01E1317C816_1_105_c.jpeg?strip=info&#038;w=600&#038;ssl=1 600w,https:\/\/i0.wp.com\/walksandmore.com\/wp-content\/uploads\/2025\/02\/FDF24E5A-E32E-4D51-AF1A-A01E1317C816_1_105_c.jpeg?strip=info&#038;w=900&#038;ssl=1 900w,https:\/\/i0.wp.com\/walksandmore.com\/wp-content\/uploads\/2025\/02\/FDF24E5A-E32E-4D51-AF1A-A01E1317C816_1_105_c.jpeg?strip=info&#038;w=1024&#038;ssl=1 1024w\" alt=\"\" data-height=\"768\" data-id=\"1481\" data-link=\"https:\/\/walksandmore.com\/fdf24e5a-e32e-4d51-af1a-a01e1317c816_1_105_c\/\" data-url=\"https:\/\/walksandmore.com\/wp-content\/uploads\/2025\/02\/FDF24E5A-E32E-4D51-AF1A-A01E1317C816_1_105_c.jpeg\" data-width=\"1024\" src=\"https:\/\/i0.wp.com\/walksandmore.com\/wp-content\/uploads\/2025\/02\/FDF24E5A-E32E-4D51-AF1A-A01E1317C816_1_105_c.jpeg?ssl=1\" data-amp-layout=\"responsive\" aria-label=\"Afbeelding 2 of 10 op volledig scherm openen\"\/><\/figure><figure class=\"tiled-gallery__item\"><img decoding=\"async\" srcset=\"https:\/\/i0.wp.com\/walksandmore.com\/wp-content\/uploads\/2025\/02\/1A4610DB-DA71-4D55-B4E2-D621248D3EF2_1_105_c.jpeg?strip=info&#038;w=600&#038;ssl=1 600w,https:\/\/i0.wp.com\/walksandmore.com\/wp-content\/uploads\/2025\/02\/1A4610DB-DA71-4D55-B4E2-D621248D3EF2_1_105_c.jpeg?strip=info&#038;w=900&#038;ssl=1 900w,https:\/\/i0.wp.com\/walksandmore.com\/wp-content\/uploads\/2025\/02\/1A4610DB-DA71-4D55-B4E2-D621248D3EF2_1_105_c.jpeg?strip=info&#038;w=1024&#038;ssl=1 1024w\" alt=\"\" data-height=\"768\" data-id=\"1482\" data-link=\"https:\/\/walksandmore.com\/1a4610db-da71-4d55-b4e2-d621248d3ef2_1_105_c\/\" data-url=\"https:\/\/walksandmore.com\/wp-content\/uploads\/2025\/02\/1A4610DB-DA71-4D55-B4E2-D621248D3EF2_1_105_c.jpeg\" data-width=\"1024\" src=\"https:\/\/i0.wp.com\/walksandmore.com\/wp-content\/uploads\/2025\/02\/1A4610DB-DA71-4D55-B4E2-D621248D3EF2_1_105_c.jpeg?ssl=1\" data-amp-layout=\"responsive\" aria-label=\"Afbeelding 3 of 10 op volledig scherm openen\"\/><\/figure><\/div><div class=\"tiled-gallery__col\" style=\"flex-basis:21.15985%\"><figure class=\"tiled-gallery__item\"><img decoding=\"async\" srcset=\"https:\/\/i0.wp.com\/walksandmore.com\/wp-content\/uploads\/2025\/02\/119D53B0-815D-4A56-ACB2-8ABA21F3ADC7_1_105_c.jpeg?strip=info&#038;w=600&#038;ssl=1 600w,https:\/\/i0.wp.com\/walksandmore.com\/wp-content\/uploads\/2025\/02\/119D53B0-815D-4A56-ACB2-8ABA21F3ADC7_1_105_c.jpeg?strip=info&#038;w=900&#038;ssl=1 900w,https:\/\/i0.wp.com\/walksandmore.com\/wp-content\/uploads\/2025\/02\/119D53B0-815D-4A56-ACB2-8ABA21F3ADC7_1_105_c.jpeg?strip=info&#038;w=1024&#038;ssl=1 1024w\" alt=\"\" data-height=\"768\" data-id=\"1484\" data-link=\"https:\/\/walksandmore.com\/119d53b0-815d-4a56-acb2-8aba21f3adc7_1_105_c\/\" data-url=\"https:\/\/walksandmore.com\/wp-content\/uploads\/2025\/02\/119D53B0-815D-4A56-ACB2-8ABA21F3ADC7_1_105_c.jpeg\" data-width=\"1024\" src=\"https:\/\/i0.wp.com\/walksandmore.com\/wp-content\/uploads\/2025\/02\/119D53B0-815D-4A56-ACB2-8ABA21F3ADC7_1_105_c.jpeg?ssl=1\" data-amp-layout=\"responsive\" aria-label=\"Afbeelding 4 of 10 op volledig scherm openen\"\/><\/figure><figure class=\"tiled-gallery__item\"><img decoding=\"async\" srcset=\"https:\/\/i0.wp.com\/walksandmore.com\/wp-content\/uploads\/2025\/02\/748EA867-0B4B-4027-A9C6-65D9093AB8FD_1_105_c.jpeg?strip=info&#038;w=600&#038;ssl=1 600w,https:\/\/i0.wp.com\/walksandmore.com\/wp-content\/uploads\/2025\/02\/748EA867-0B4B-4027-A9C6-65D9093AB8FD_1_105_c.jpeg?strip=info&#038;w=768&#038;ssl=1 768w\" alt=\"\" data-height=\"1024\" data-id=\"1486\" data-link=\"https:\/\/walksandmore.com\/748ea867-0b4b-4027-a9c6-65d9093ab8fd_1_105_c\/\" data-url=\"https:\/\/walksandmore.com\/wp-content\/uploads\/2025\/02\/748EA867-0B4B-4027-A9C6-65D9093AB8FD_1_105_c.jpeg\" data-width=\"768\" src=\"https:\/\/i0.wp.com\/walksandmore.com\/wp-content\/uploads\/2025\/02\/748EA867-0B4B-4027-A9C6-65D9093AB8FD_1_105_c.jpeg?ssl=1\" data-amp-layout=\"responsive\" aria-label=\"Afbeelding 5 of 10 op volledig scherm openen\"\/><\/figure><figure class=\"tiled-gallery__item\"><img decoding=\"async\" srcset=\"https:\/\/i0.wp.com\/walksandmore.com\/wp-content\/uploads\/2025\/02\/C3F40A9C-95C2-4E60-BD1C-F9A288769C18_1_105_c.jpeg?strip=info&#038;w=600&#038;ssl=1 600w,https:\/\/i0.wp.com\/walksandmore.com\/wp-content\/uploads\/2025\/02\/C3F40A9C-95C2-4E60-BD1C-F9A288769C18_1_105_c.jpeg?strip=info&#038;w=900&#038;ssl=1 900w,https:\/\/i0.wp.com\/walksandmore.com\/wp-content\/uploads\/2025\/02\/C3F40A9C-95C2-4E60-BD1C-F9A288769C18_1_105_c.jpeg?strip=info&#038;w=1024&#038;ssl=1 1024w\" alt=\"\" data-height=\"768\" data-id=\"1490\" data-link=\"https:\/\/walksandmore.com\/c3f40a9c-95c2-4e60-bd1c-f9a288769c18_1_105_c\/\" data-url=\"https:\/\/walksandmore.com\/wp-content\/uploads\/2025\/02\/C3F40A9C-95C2-4E60-BD1C-F9A288769C18_1_105_c.jpeg\" data-width=\"1024\" src=\"https:\/\/i0.wp.com\/walksandmore.com\/wp-content\/uploads\/2025\/02\/C3F40A9C-95C2-4E60-BD1C-F9A288769C18_1_105_c.jpeg?ssl=1\" data-amp-layout=\"responsive\" aria-label=\"Afbeelding 6 of 10 op volledig scherm openen\"\/><\/figure><\/div><div class=\"tiled-gallery__col\" style=\"flex-basis:28.84015%\"><figure class=\"tiled-gallery__item\"><img decoding=\"async\" srcset=\"https:\/\/i0.wp.com\/walksandmore.com\/wp-content\/uploads\/2025\/02\/F9F5C23F-9CD4-448E-9C59-54F520AAB892_1_105_c.jpeg?strip=info&#038;w=600&#038;ssl=1 600w,https:\/\/i0.wp.com\/walksandmore.com\/wp-content\/uploads\/2025\/02\/F9F5C23F-9CD4-448E-9C59-54F520AAB892_1_105_c.jpeg?strip=info&#038;w=768&#038;ssl=1 768w\" alt=\"\" data-height=\"1024\" data-id=\"1485\" data-link=\"https:\/\/walksandmore.com\/f9f5c23f-9cd4-448e-9c59-54f520aab892_1_105_c\/\" data-url=\"https:\/\/walksandmore.com\/wp-content\/uploads\/2025\/02\/F9F5C23F-9CD4-448E-9C59-54F520AAB892_1_105_c.jpeg\" data-width=\"768\" src=\"https:\/\/i0.wp.com\/walksandmore.com\/wp-content\/uploads\/2025\/02\/F9F5C23F-9CD4-448E-9C59-54F520AAB892_1_105_c.jpeg?ssl=1\" data-amp-layout=\"responsive\" aria-label=\"Afbeelding 7 of 10 op volledig scherm openen\"\/><\/figure><figure class=\"tiled-gallery__item\"><img decoding=\"async\" srcset=\"https:\/\/i0.wp.com\/walksandmore.com\/wp-content\/uploads\/2025\/02\/62F456A6-E278-41A3-AA19-BAA1D13CA8BC_1_105_c.jpeg?strip=info&#038;w=600&#038;ssl=1 600w,https:\/\/i0.wp.com\/walksandmore.com\/wp-content\/uploads\/2025\/02\/62F456A6-E278-41A3-AA19-BAA1D13CA8BC_1_105_c.jpeg?strip=info&#038;w=900&#038;ssl=1 900w,https:\/\/i0.wp.com\/walksandmore.com\/wp-content\/uploads\/2025\/02\/62F456A6-E278-41A3-AA19-BAA1D13CA8BC_1_105_c.jpeg?strip=info&#038;w=1024&#038;ssl=1 1024w\" alt=\"\" data-height=\"768\" data-id=\"1492\" data-link=\"https:\/\/walksandmore.com\/62f456a6-e278-41a3-aa19-baa1d13ca8bc_1_105_c\/\" data-url=\"https:\/\/walksandmore.com\/wp-content\/uploads\/2025\/02\/62F456A6-E278-41A3-AA19-BAA1D13CA8BC_1_105_c.jpeg\" data-width=\"1024\" src=\"https:\/\/i0.wp.com\/walksandmore.com\/wp-content\/uploads\/2025\/02\/62F456A6-E278-41A3-AA19-BAA1D13CA8BC_1_105_c.jpeg?ssl=1\" data-amp-layout=\"responsive\" aria-label=\"Afbeelding 8 of 10 op volledig scherm openen\"\/><\/figure><\/div><div class=\"tiled-gallery__col\" style=\"flex-basis:28.84015%\"><figure class=\"tiled-gallery__item\"><img decoding=\"async\" srcset=\"https:\/\/i0.wp.com\/walksandmore.com\/wp-content\/uploads\/2025\/02\/77DB6C3D-88AC-4C8A-BF02-4EF51C719FAE_1_105_c.jpeg?strip=info&#038;w=600&#038;ssl=1 600w,https:\/\/i0.wp.com\/walksandmore.com\/wp-content\/uploads\/2025\/02\/77DB6C3D-88AC-4C8A-BF02-4EF51C719FAE_1_105_c.jpeg?strip=info&#038;w=768&#038;ssl=1 768w\" alt=\"\" data-height=\"1024\" data-id=\"1501\" data-link=\"https:\/\/walksandmore.com\/77db6c3d-88ac-4c8a-bf02-4ef51c719fae_1_105_c\/\" data-url=\"https:\/\/walksandmore.com\/wp-content\/uploads\/2025\/02\/77DB6C3D-88AC-4C8A-BF02-4EF51C719FAE_1_105_c.jpeg\" data-width=\"768\" src=\"https:\/\/i0.wp.com\/walksandmore.com\/wp-content\/uploads\/2025\/02\/77DB6C3D-88AC-4C8A-BF02-4EF51C719FAE_1_105_c.jpeg?ssl=1\" data-amp-layout=\"responsive\" aria-label=\"Afbeelding 9 of 10 op volledig scherm openen\"\/><\/figure><figure class=\"tiled-gallery__item\"><img decoding=\"async\" srcset=\"https:\/\/i0.wp.com\/walksandmore.com\/wp-content\/uploads\/2025\/02\/AA0EFC26-7C75-43E4-BC22-C3C27C455A9A_1_105_c.jpeg?strip=info&#038;w=600&#038;ssl=1 600w,https:\/\/i0.wp.com\/walksandmore.com\/wp-content\/uploads\/2025\/02\/AA0EFC26-7C75-43E4-BC22-C3C27C455A9A_1_105_c.jpeg?strip=info&#038;w=900&#038;ssl=1 900w,https:\/\/i0.wp.com\/walksandmore.com\/wp-content\/uploads\/2025\/02\/AA0EFC26-7C75-43E4-BC22-C3C27C455A9A_1_105_c.jpeg?strip=info&#038;w=1024&#038;ssl=1 1024w\" alt=\"\" data-height=\"768\" data-id=\"1502\" data-link=\"https:\/\/walksandmore.com\/aa0efc26-7c75-43e4-bc22-c3c27c455a9a_1_105_c\/\" data-url=\"https:\/\/walksandmore.com\/wp-content\/uploads\/2025\/02\/AA0EFC26-7C75-43E4-BC22-C3C27C455A9A_1_105_c.jpeg\" data-width=\"1024\" src=\"https:\/\/i0.wp.com\/walksandmore.com\/wp-content\/uploads\/2025\/02\/AA0EFC26-7C75-43E4-BC22-C3C27C455A9A_1_105_c.jpeg?ssl=1\" data-amp-layout=\"responsive\" aria-label=\"Afbeelding 10 of 10 op volledig scherm openen\"\/><\/figure><\/div><\/div><\/div><\/div><\/div>\n\n\n\n<p><\/p>\n\n\n\n<div class=\"wp-block-columns is-layout-flex wp-container-core-columns-is-layout-9d6595d7 wp-block-columns-is-layout-flex\">\n<div class=\"wp-block-column is-layout-flow wp-block-column-is-layout-flow\">\n<div class=\"wp-block-buttons is-content-justification-center is-layout-flex wp-container-core-buttons-is-layout-16018d1d wp-block-buttons-is-layout-flex\">\n<div class=\"wp-block-button is-style-fill\"><a class=\"wp-block-button__link has-black-color has-text-color has-background has-link-color wp-element-button\" href=\"https:\/\/walksandmore.com\/en\/sabrinas-wandelingen\/zweden-sverige\/\" style=\"background-color:#d3dbd0\">Verder wandelen in Zweden<\/a><\/div>\n<\/div>\n<\/div>\n\n\n\n<div class=\"wp-block-column is-layout-flow wp-block-column-is-layout-flow\">\n<div class=\"wp-block-buttons is-content-justification-center is-layout-flex wp-container-core-buttons-is-layout-16018d1d wp-block-buttons-is-layout-flex\">\n<div class=\"wp-block-button\"><a class=\"wp-block-button__link has-black-color has-text-color has-background has-link-color wp-element-button\" href=\"https:\/\/walksandmore.com\/en\/sabrinas-wandelingen\/belgie\/\" style=\"background-color:#d3dbd0\">Walks in Belgium<\/a><\/div>\n<\/div>\n<\/div>\n\n\n\n<div class=\"wp-block-column is-layout-flow wp-block-column-is-layout-flow\">\n<div class=\"wp-block-buttons is-content-justification-center is-layout-flex wp-container-core-buttons-is-layout-16018d1d wp-block-buttons-is-layout-flex\">\n<div class=\"wp-block-button\"><a class=\"wp-block-button__link has-black-color has-text-color has-background has-link-color has-text-align-center wp-element-button\" href=\"https:\/\/walksandmore.com\/en\/sabrinas-wandelingen\/nederland\/\" style=\"background-color:#d3dbd0\">Walks in the Netherlands<\/a><\/div>\n<\/div>\n<\/div>\n<\/div>","protected":false},"excerpt":{"rendered":"<p>TYPE: RONDWANDELING Afstand: 12 kmTijd: 3 uurZwaarte: gemiddeld START-\/EINDPUNT: Drakkar Outdoor Basecamp, Varmland, Sweden We schrijven midden december 2024 en in tegenstelling tot vorig jaar, is het best warm. Er ligt nog helemaal geen sneeuw en het meer is niet bevroren. Het ideale moment om eropuit te gaan. Plan is om naar het \u00d6rtj\u00e4rn te <a class=\"read-more\" href=\"https:\/\/walksandmore.com\/en\/sabrinas-wandelingen\/zweden-sverige\/rok-sandtegen-sorby-rok\/\">READ MORE<\/a><\/p>","protected":false},"author":1,"featured_media":0,"parent":627,"menu_order":0,"comment_status":"closed","ping_status":"closed","template":"","meta":{"_themeisle_gutenberg_block_has_review":false,"footnotes":""},"class_list":["post-485","page","type-page","status-publish","hentry"],"jetpack_sharing_enabled":true,"_links":{"self":[{"href":"https:\/\/walksandmore.com\/en\/wp-json\/wp\/v2\/pages\/485","targetHints":{"allow":["GET"]}}],"collection":[{"href":"https:\/\/walksandmore.com\/en\/wp-json\/wp\/v2\/pages"}],"about":[{"href":"https:\/\/walksandmore.com\/en\/wp-json\/wp\/v2\/types\/page"}],"author":[{"embeddable":true,"href":"https:\/\/walksandmore.com\/en\/wp-json\/wp\/v2\/users\/1"}],"replies":[{"embeddable":true,"href":"https:\/\/walksandmore.com\/en\/wp-json\/wp\/v2\/comments?post=485"}],"version-history":[{"count":12,"href":"https:\/\/walksandmore.com\/en\/wp-json\/wp\/v2\/pages\/485\/revisions"}],"predecessor-version":[{"id":1575,"href":"https:\/\/walksandmore.com\/en\/wp-json\/wp\/v2\/pages\/485\/revisions\/1575"}],"up":[{"embeddable":true,"href":"https:\/\/walksandmore.com\/en\/wp-json\/wp\/v2\/pages\/627"}],"wp:attachment":[{"href":"https:\/\/walksandmore.com\/en\/wp-json\/wp\/v2\/media?parent=485"}],"curies":[{"name":"wp","href":"https:\/\/api.w.org\/{rel}","templated":true}]}}